{"id":1285,"date":"2014-05-13T12:23:25","date_gmt":"2014-05-13T10:23:25","guid":{"rendered":"http:\/\/vdala.fantasmo.se\/about-the-nation\/dokument\/"},"modified":"2026-03-16T12:52:17","modified_gmt":"2026-03-16T11:52:17","slug":"dokument","status":"publish","type":"page","link":"https:\/\/mail.v-dala.se\/en\/about-the-nation\/dokument\/","title":{"rendered":"Documents"},"content":{"rendered":"<div style=\"color: #4f4f4f;\">Would you like to know more about the Nation and how it is run? Below are some of the documents which regulate the running of the Nation.<\/div>\n<ul style=\"color: #4f4f4f;\">\n<li><a style=\"color: #004d81;\" href=\"http:\/\/www.v-dala.se\/images\/dokument\/v-dala_stadgar090323.pdf\" target=\"_self\" rel=\"noopener\">V\u00e4stmanlands-Dala nations stadgar<\/a>\u00a0(PDF 405kB)<\/li>\n<li><a href=\"https:\/\/v-dala.se\/wp-content\/uploads\/2023\/03\/Plan-for-Equal-Opportunity-2019.pdf\">Plan for Equal Opportunity <\/a>\u00a0(PDF)<\/li>\n<li><a href=\"https:\/\/v-dala.se\/wp-content\/uploads\/2020\/07\/V-Dala-alkoholpolicy_fastst\u00e4lld-av-styrelsen-den-29-oktober-2-2.pdf\">Alkoholpolicy<\/a><\/li>\n<li><a href=\"https:\/\/v-dala.se\/wp-content\/uploads\/2020\/01\/Grafisk_profil.pdf\">Grafisk profil<\/a><\/li>\n<\/ul>\n<h3 style=\"color: #4f4f4f;\">List of Benefits<\/h3>\n<p>If you want to know what possible benefits a particular post gives you, you can the document in Swedish <a href=\"https:\/\/v-dala.se\/wp-content\/uploads\/2023\/02\/Formanslista-reviderad-av-AU-VT23-1.pdf\"><em>F\u00f6rm\u00e5nslista<\/em><\/a>. The list and the benefits for the different items may be updated. The current version was published 2023.<\/p>\n<h3>Work instructions \/ &#8220;Arbetsinstruktioner&#8221;<\/h3>\n<p>These are the main regulatory documents for our commitees. Unfortunately only available in Swedish, but if you have any questions, please feel free to contact our First Curator!<\/p>\n<ul style=\"color: #4f4f4f;\">\n<li><a style=\"color: #004d81;\" href=\"http:\/\/www.v-dala.se\/images\/dokument\/befattningsbeskrivningar\/Arbetsinstruktion BU.pdf\" target=\"_self\" rel=\"noopener noreferrer\">Arbetsinstruktion Biblioteksutskottet<\/a><\/li>\n<li><a style=\"color: #004d81;\" href=\"http:\/\/www.v-dala.se\/images\/dokument\/befattningsbeskrivningar\/Arbetsinstruktion Idrottsutskottet.pdf\" target=\"_self\" rel=\"noopener noreferrer\">Arbetsinstruktion Idrottsutskottet<\/a><\/li>\n<li><a href=\"http:\/\/www.v-dala.se\/images\/dokument\/befattningsbeskrivningar\/Befattningsbeskrivning InfU och dess poster.pdf\">Arbetsinstruktion Informationsutskottet<\/a><\/li>\n<li><a href=\"http:\/\/www.v-dala.se\/images\/dokument\/befattningsbeskrivningar\/Befattningsbeskrivning IU och dess poster.pdf\">Arbetsinstruktion Internationella utskottet<\/a><\/li>\n<li><a href=\"http:\/\/www.v-dala.se\/images\/dokument\/befattningsbeskrivningar\/Befattningsbeskrivning KU och dess poster.pdf\">Arbetsinstruktion Kontaktutskottet<\/a><\/li>\n<li><a href=\"http:\/\/www.v-dala.se\/images\/dokument\/befattningsbeskrivningar\/Befattningsbeskrivning PU och dess poster.pdf\">Arbetsinstruktion Programutskottet<\/a><\/li>\n<\/ul>\n<h3 style=\"color: #4f4f4f;\">Post descriptions \/ &#8220;Befattningsbeskrivningar&#8221;<\/h3>\n<p>Interested in a particular post? Read the documents below! Unfortunately only available in Swedish, but if you have any questions, please feel free to contact our First Curator!<\/p>\n<p>&nbsp;<\/p>\n<ul style=\"color: #4f4f4f;\">\n<li><\/li>\n<li><a href=\"http:\/\/www.v-dala.se\/images\/dokument\/befattningsbeskrivningar\/Befattningsbeskrivning 1Q.pdf\">Befattningsbeskrivning F\u00f6rste kurator<\/a><\/li>\n<li><a href=\"http:\/\/www.v-dala.se\/images\/dokument\/befattningsbeskrivningar\/Befattningsbeskrivning 2Q.pdf\">Befattningsbeskrivning Andre kurator<\/a><\/li>\n<li><a href=\"http:\/\/www.v-dala.se\/images\/dokument\/befattningsbeskrivningar\/Befattningsbeskrivning Bibliotekarie.pdf\">Befattningsbeskrivning Bibliotekarie<\/a><\/li>\n<li><a style=\"color: #004d81;\" href=\"http:\/\/www.v-dala.se\/images\/dokument\/befattningsbeskrivningar\/Befattningsbeskrivning Alkoholombudsman.pdf\" target=\"_self\" rel=\"noopener noreferrer\">Befattningsbeskrivning Alkoholombudsman<\/a><\/li>\n<li><a style=\"color: #004d81;\" href=\"http:\/\/www.v-dala.se\/images\/dokument\/befattningsbeskrivningar\/Befattningsbeskrivning Antikvarie.pdf\" target=\"_self\" rel=\"noopener noreferrer\">Befattningsbeskrivning Antikvarie<\/a><\/li>\n<li><a style=\"color: #004d81;\" href=\"http:\/\/www.v-dala.se\/images\/dokument\/befattningsbeskrivningar\/Befattningsbeskrivning Arkivarie.pdf\" target=\"_self\" rel=\"noopener noreferrer\">Befattningsbeskrivning Arkivarie<\/a><\/li>\n<li><a style=\"color: #004d81;\" href=\"http:\/\/www.v-dala.se\/images\/dokument\/befattningsbeskrivningar\/Befattningsbeskrivning Barmastarassistent.pdf\" target=\"_self\" rel=\"noopener noreferrer\">Befattningsbeskrivning Barm\u00e4starassistent<\/a><\/li>\n<li><a href=\"http:\/\/www.v-dala.se\/images\/dokument\/befattningsbeskrivningar\/Befattningsbeskrivning Barmastare.pdf\">Befattningsbeskrivning Barm\u00e4stare<\/a><\/li>\n<li><a href=\"http:\/\/www.v-dala.se\/images\/dokument\/befattningsbeskrivningar\/Befattningsbeskrivning Biblioteksutskottet och dess poster.pdf\">Befattningsbeskrivning Biblioteksutskottet och dess poster<\/a><\/li>\n<li><a href=\"http:\/\/www.v-dala.se\/images\/dokument\/befattningsbeskrivningar\/Befattningsbeskrivning Cafevard.pdf\">Befattningsbeskrivning Caf\u00e9v\u00e4rd<\/a><\/li>\n<li><a href=\"http:\/\/www.v-dala.se\/images\/dokument\/befattningsbeskrivningar\/Befattningsbeskrivning Cafemastare.pdf\">Befattningsbeskrivning Caf\u00e9m\u00e4stare<\/a><\/li>\n<li><a style=\"color: #004d81;\" href=\"http:\/\/www.v-dala.se\/images\/dokument\/befattningsbeskrivningar\/Befattningsbeskrivning Dalpelleredaktor.pdf\" target=\"_self\" rel=\"noopener noreferrer\">Befattningsbeskrivning Dalpelle<\/a><\/li>\n<li><a style=\"color: #004d81;\" href=\"http:\/\/www.v-dala.se\/images\/dokument\/befattningsbeskrivningar\/Befattningsbeskrivning Datorforman.pdf\" target=\"_self\" rel=\"noopener noreferrer\">Befattningsbeskrivning Datorf\u00f6rman<\/a><\/li>\n<li><a style=\"color: #004d81;\" href=\"http:\/\/www.v-dala.se\/images\/dokument\/befattningsbeskrivningar\/Befattningsbeskrivning Fanbarare.pdf\" target=\"_self\" rel=\"noopener noreferrer\">Befattningsbeskrivning Fanb\u00e4rare<\/a><\/li>\n<li><a style=\"color: #004d81;\" href=\"http:\/\/www.v-dala.se\/images\/dokument\/befattningsbeskrivningar\/Befattningsbeskrivning Historiograf.pdf\" target=\"_self\" rel=\"noopener noreferrer\">Befattningsbeskrivning Historiograf<\/a><\/li>\n<li><a style=\"color: #004d81;\" href=\"http:\/\/www.v-dala.se\/images\/dokument\/befattningsbeskrivningar\/Befattningsbeskrivning Hovmastare.pdf\" target=\"_self\" rel=\"noopener noreferrer\">Befattningsbeskrivning Hovm\u00e4stare<\/a><\/li>\n<li><a style=\"color: #004d81;\" href=\"http:\/\/www.v-dala.se\/images\/dokument\/befattningsbeskrivningar\/Befattningsbeskrivning Hyresgastrepresentant.pdf\" target=\"_self\" rel=\"noopener noreferrer\">Befattningsbeskrivning Hyresg\u00e4strepresentant<\/a><\/li>\n<li><a style=\"color: #004d81;\" href=\"http:\/\/www.v-dala.se\/images\/dokument\/befattningsbeskrivningar\/Befattningsbeskrivning Idrottssekreterare.pdf\" target=\"_self\" rel=\"noopener noreferrer\">Befattningsbeskrivning Idrottssekreterare<\/a><\/li>\n<li><a style=\"color: #004d81;\" href=\"http:\/\/www.v-dala.se\/images\/dokument\/befattningsbeskrivningar\/Befattningsbeskrivning InfU och dess poster.pdf\" target=\"_self\" rel=\"noopener noreferrer\">Befattningsbeskrivningar Informationsutskottet och dess poster<\/a><\/li>\n<li><a href=\"http:\/\/www.v-dala.se\/images\/dokument\/befattningsbeskrivningar\/Befattningsbeskrivning Intekvarie.pdf\">Befattningsbeskrivning Intekvarie<\/a><\/li>\n<li><a style=\"color: #004d81;\" href=\"http:\/\/www.v-dala.se\/images\/dokument\/befattningsbeskrivningar\/Befattningsbeskrivning IU och dess poster.pdf\" target=\"_self\" rel=\"noopener noreferrer\">Befattningsbeskrivning Internationella utskottet och dess poster<\/a><\/li>\n<li><a href=\"http:\/\/www.v-dala.se\/images\/dokument\/befattningsbeskrivningar\/Befattningsbeskrivning Jamlikhetsombud.pdf\">Befattningsbeskrivning J\u00e4mlikhetsombud<\/a><\/li>\n<li><a href=\"http:\/\/www.v-dala.se\/images\/dokument\/befattningsbeskrivningar\/Befattningsbeskrivning Klubbmastare.pdf\">Befattningsbeskrivning Klubbm\u00e4stare<\/a><\/li>\n<li><a href=\"http:\/\/www.v-dala.se\/images\/dokument\/befattningsbeskrivningar\/Befattningsbeskrivning Klubbvard.pdf\">Befattningsbeskrivning Klubbv\u00e4rd<\/a><\/li>\n<li><a href=\"http:\/\/www.v-dala.se\/images\/dokument\/befattningsbeskrivningar\/Befattningsbeskrivning Klubbmastarinna.pdf\">Befattningsbeskrivning Klubbm\u00e4starinna<\/a><\/li>\n<li><a style=\"color: #004d81;\" href=\"http:\/\/www.v-dala.se\/images\/dokument\/befattningsbeskrivningar\/Befattningsbeskrivning KU och dess poster.pdf\" target=\"_self\" rel=\"noopener noreferrer\">Befattningsbeskrivning Kontaktutskottet och dess poster<\/a><\/li>\n<li><a href=\"http:\/\/www.v-dala.se\/images\/dokument\/befattningsbeskrivningar\/Befattningsbeskrivning Koksassistent.pdf\">Befattningsbeskrivning K\u00f6ksassistent<\/a><\/li>\n<li><a style=\"color: #004d81;\" href=\"http:\/\/www.v-dala.se\/images\/dokument\/befattningsbeskrivningar\/Befattningsbeskrivning Nationsfotograf.pdf\" target=\"_self\" rel=\"noopener noreferrer\">Befattningsbeskrivning Nationsfotograf<\/a><\/li>\n<li><a style=\"color: #004d81;\" href=\"http:\/\/www.v-dala.se\/images\/dokument\/befattningsbeskrivningar\/Befattningsbeskrivning Nationsjurist.pdf\" target=\"_self\" rel=\"noopener noreferrer\">Befattningsbeskrivning Nationsjurist<\/a><\/li>\n<li><a style=\"color: #004d81;\" href=\"http:\/\/www.v-dala.se\/images\/dokument\/befattningsbeskrivningar\/Befattningsbeskrivning Nationskaplan.pdf\" target=\"_self\" rel=\"noopener noreferrer\">Befattningsbeskrivning Nationskaplan<\/a><\/li>\n<li><a style=\"color: #004d81;\" href=\"http:\/\/www.v-dala.se\/images\/dokument\/befattningsbeskrivningar\/Befattningsbeskrivning Nationstekniker.pdf\" target=\"_self\" rel=\"noopener noreferrer\">Befattningsbeskrivning Nationstekniker<\/a><\/li>\n<li><a href=\"http:\/\/www.v-dala.se\/images\/dokument\/befattningsbeskrivningar\/Befattningsbeskrivning Puben och dess poster.pdf\">Befattningsbeskrivning Puben och dess poster<\/a><\/li>\n<li><a href=\"http:\/\/www.v-dala.se\/images\/dokument\/befattningsbeskrivningar\/Befattningsbeskrivning PU och dess poster.pdf\">Befattningsbeskrivning Programutskottet och dess poster<\/a><\/li>\n<li><a href=\"http:\/\/www.v-dala.se\/images\/dokument\/befattningsbeskrivningar\/Befattningsbeskrivning Scenmastare.pdf\">Befattningsbeskrivning Scenm\u00e4stare<\/a><\/li>\n<li><a href=\"http:\/\/www.v-dala.se\/images\/dokument\/befattningsbeskrivningar\/Befattningsbeskrivning Sekreterare.pdf\">Befattningsbeskrivning Sekreterare<\/a><\/li>\n<li><a href=\"http:\/\/www.v-dala.se\/images\/dokument\/befattningsbeskrivningar\/Befattningsbeskrivning Sexamastare.pdf\">Befattningsbeskrivning Sexam\u00e4stare<\/a><\/li>\n<li><a href=\"http:\/\/www.v-dala.se\/images\/dokument\/befattningsbeskrivningar\/Befattningsbeskrivning Skattmastare.pdf\">Befattningsbeskrivning Skattm\u00e4stare<\/a><\/li>\n<li><a href=\"http:\/\/www.v-dala.se\/images\/dokument\/befattningsbeskrivningar\/Befattningsbeskrivning Stallforetradande skattmastare.pdf\">Befattningsbeskrivning St\u00e4llf\u00f6retr\u00e4dande Skattm\u00e4stare<\/a><\/li>\n<li><a style=\"color: #004d81;\" href=\"http:\/\/www.v-dala.se\/images\/dokument\/befattningsbeskrivningar\/Befattningsbeskrivning Sommartingsvardar.pdf\" target=\"_self\" rel=\"noopener noreferrer\">Befattningsbeskrivning Sommartingsv\u00e4rdar<\/a><\/li>\n<li><a style=\"color: #004d81;\" href=\"http:\/\/www.v-dala.se\/images\/dokument\/befattningsbeskrivningar\/Befattningsbeskrivning Sanganforare.pdf\" target=\"_self\" rel=\"noopener noreferrer\">Befattningsbeskrivning S\u00e5nganf\u00f6rare<\/a><\/li>\n<li><a href=\"http:\/\/www.v-dala.se\/images\/dokument\/befattningsbeskrivningar\/Befattningsbeskrivning Taket och dess poster.pdf\">Befattningsbeskrivning Taket och dess poster<\/a><\/li>\n<li><a href=\"http:\/\/www.v-dala.se\/images\/dokument\/befattningsbeskrivningar\/Befattningsbeskrivning Uthyrningssaljare.pdf\">Befattningsbeskrivning Uthyrningss\u00e4ljare<\/a><\/li>\n<\/ul>\n<h3 style=\"color: #4f4f4f;\">Regulations<\/h3>\n<p>These are regulatory documents for our nation. Unfortunately only available in Swedish, but if you have any questions, please feel free to contact our First Curator!<\/p>\n<ul style=\"color: #4f4f4f;\">\n<li><a href=\"http:\/\/www.v-dala.se\/images\/dokument\/reglementen\/Reglemente GN.pdf\">Reglemente f\u00f6r Granskningsn\u00e4mnden<\/a><\/li>\n<li><a href=\"http:\/\/www.v-dala.se\/images\/dokument\/reglementen\/Arbetsordning landskapet.pdf\">Styrdokument f\u00f6r Landskapet<\/a><\/li>\n<li><a href=\"http:\/\/www.v-dala.se\/images\/dokument\/reglementen\/Reglemente SN.pdf\">Reglemente f\u00f6r Stipendien\u00e4mnden<\/a><\/li>\n<li><a href=\"http:\/\/www.v-dala.se\/images\/dokument\/reglementen\/Reglemente Styrelsen.pdf\">Reglemente f\u00f6r Styrelsen<\/a><\/li>\n<li><a href=\"http:\/\/www.v-dala.se\/images\/dokument\/reglementen\/Reglemente VN.pdf\">Reglemente f\u00f6r Valn\u00e4mnden<\/a><\/li>\n<\/ul>\n","protected":false},"excerpt":{"rendered":"Would you like to know more about the Nation and how it is run? Below are some of the documents which regulate the running of the Nation. V\u00e4stmanlands-Dala nations stadgar\u00a0(PDF 405kB) Plan for Equal Opportunity \u00a0(PDF) Alkoholpolicy Grafisk profil List of Benefits If you want to know what possible benefits a particular post gives you,&#8230;","protected":false},"author":7,"featured_media":0,"parent":55,"menu_order":4,"comment_status":"open","ping_status":"open","template":"","meta":{"footnotes":""},"acf":[],"yoast_head":"<!-- This site is optimized with the Yoast SEO plugin v21.4 - https:\/\/yoast.com\/wordpress\/plugins\/seo\/ -->\n<title>Documents - V-Dala nation<\/title>\n<meta name=\"robots\" content=\"index, follow, max-snippet:-1, max-image-preview:large, max-video-preview:-1\" \/>\n<link rel=\"canonical\" href=\"https:\/\/mail.v-dala.se.hemsida.eu\/en\/about-the-nation\/dokument\/\" \/>\n<meta property=\"og:locale\" content=\"en_US\" \/>\n<meta property=\"og:type\" content=\"article\" \/>\n<meta property=\"og:title\" content=\"Documents - V-Dala nation\" \/>\n<meta property=\"og:url\" content=\"https:\/\/mail.v-dala.se.hemsida.eu\/en\/about-the-nation\/dokument\/\" \/>\n<meta property=\"og:site_name\" content=\"V-Dala nation\" \/>\n<meta property=\"article:modified_time\" content=\"2026-03-16T11:52:17+00:00\" \/>\n<meta name=\"twitter:card\" content=\"summary_large_image\" \/>\n<meta name=\"twitter:label1\" content=\"Est. reading time\" \/>\n\t<meta name=\"twitter:data1\" content=\"2 minutes\" \/>\n<script type=\"application\/ld+json\" class=\"yoast-schema-graph\">{\"@context\":\"https:\/\/schema.org\",\"@graph\":[{\"@type\":\"WebPage\",\"@id\":\"https:\/\/mail.v-dala.se.hemsida.eu\/en\/about-the-nation\/dokument\/\",\"url\":\"https:\/\/mail.v-dala.se.hemsida.eu\/en\/about-the-nation\/dokument\/\",\"name\":\"Documents - V-Dala nation\",\"isPartOf\":{\"@id\":\"https:\/\/mail.v-dala.se.hemsida.eu\/#website\"},\"datePublished\":\"2014-05-13T10:23:25+00:00\",\"dateModified\":\"2026-03-16T11:52:17+00:00\",\"breadcrumb\":{\"@id\":\"https:\/\/mail.v-dala.se.hemsida.eu\/en\/about-the-nation\/dokument\/#breadcrumb\"},\"inLanguage\":\"en-US\",\"potentialAction\":[{\"@type\":\"ReadAction\",\"target\":[\"https:\/\/mail.v-dala.se.hemsida.eu\/en\/about-the-nation\/dokument\/\"]}]},{\"@type\":\"BreadcrumbList\",\"@id\":\"https:\/\/mail.v-dala.se.hemsida.eu\/en\/about-the-nation\/dokument\/#breadcrumb\",\"itemListElement\":[{\"@type\":\"ListItem\",\"position\":1,\"name\":\"Hem\",\"item\":\"https:\/\/v-dala.se.hemsida.eu\/en\/\"},{\"@type\":\"ListItem\",\"position\":2,\"name\":\"About the Nation\",\"item\":\"https:\/\/mail.v-dala.se\/en\/about-the-nation\/\"},{\"@type\":\"ListItem\",\"position\":3,\"name\":\"Documents\"}]},{\"@type\":\"WebSite\",\"@id\":\"https:\/\/mail.v-dala.se.hemsida.eu\/#website\",\"url\":\"https:\/\/mail.v-dala.se.hemsida.eu\/\",\"name\":\"V-Dala nation\",\"description\":\"V\u00e4stmanlands-Dala Nation f\u00f6r Studenternas Nytta och N\u00f6je - sedan 1639\",\"potentialAction\":[{\"@type\":\"SearchAction\",\"target\":{\"@type\":\"EntryPoint\",\"urlTemplate\":\"https:\/\/mail.v-dala.se.hemsida.eu\/?s={search_term_string}\"},\"query-input\":\"required name=search_term_string\"}],\"inLanguage\":\"en-US\"}]}<\/script>\n<!-- \/ Yoast SEO plugin. -->","yoast_head_json":{"title":"Documents - V-Dala nation","robots":{"index":"index","follow":"follow","max-snippet":"max-snippet:-1","max-image-preview":"max-image-preview:large","max-video-preview":"max-video-preview:-1"},"canonical":"https:\/\/mail.v-dala.se.hemsida.eu\/en\/about-the-nation\/dokument\/","og_locale":"en_US","og_type":"article","og_title":"Documents - V-Dala nation","og_url":"https:\/\/mail.v-dala.se.hemsida.eu\/en\/about-the-nation\/dokument\/","og_site_name":"V-Dala nation","article_modified_time":"2026-03-16T11:52:17+00:00","twitter_card":"summary_large_image","twitter_misc":{"Est. reading time":"2 minutes"},"schema":{"@context":"https:\/\/schema.org","@graph":[{"@type":"WebPage","@id":"https:\/\/mail.v-dala.se.hemsida.eu\/en\/about-the-nation\/dokument\/","url":"https:\/\/mail.v-dala.se.hemsida.eu\/en\/about-the-nation\/dokument\/","name":"Documents - V-Dala nation","isPartOf":{"@id":"https:\/\/mail.v-dala.se.hemsida.eu\/#website"},"datePublished":"2014-05-13T10:23:25+00:00","dateModified":"2026-03-16T11:52:17+00:00","breadcrumb":{"@id":"https:\/\/mail.v-dala.se.hemsida.eu\/en\/about-the-nation\/dokument\/#breadcrumb"},"inLanguage":"en-US","potentialAction":[{"@type":"ReadAction","target":["https:\/\/mail.v-dala.se.hemsida.eu\/en\/about-the-nation\/dokument\/"]}]},{"@type":"BreadcrumbList","@id":"https:\/\/mail.v-dala.se.hemsida.eu\/en\/about-the-nation\/dokument\/#breadcrumb","itemListElement":[{"@type":"ListItem","position":1,"name":"Hem","item":"https:\/\/v-dala.se.hemsida.eu\/en\/"},{"@type":"ListItem","position":2,"name":"About the Nation","item":"https:\/\/mail.v-dala.se\/en\/about-the-nation\/"},{"@type":"ListItem","position":3,"name":"Documents"}]},{"@type":"WebSite","@id":"https:\/\/mail.v-dala.se.hemsida.eu\/#website","url":"https:\/\/mail.v-dala.se.hemsida.eu\/","name":"V-Dala nation","description":"V\u00e4stmanlands-Dala Nation f\u00f6r Studenternas Nytta och N\u00f6je - sedan 1639","potentialAction":[{"@type":"SearchAction","target":{"@type":"EntryPoint","urlTemplate":"https:\/\/mail.v-dala.se.hemsida.eu\/?s={search_term_string}"},"query-input":"required name=search_term_string"}],"inLanguage":"en-US"}]}},"_links":{"self":[{"href":"https:\/\/mail.v-dala.se\/en\/wp-json\/wp\/v2\/pages\/1285"}],"collection":[{"href":"https:\/\/mail.v-dala.se\/en\/wp-json\/wp\/v2\/pages"}],"about":[{"href":"https:\/\/mail.v-dala.se\/en\/wp-json\/wp\/v2\/types\/page"}],"author":[{"embeddable":true,"href":"https:\/\/mail.v-dala.se\/en\/wp-json\/wp\/v2\/users\/7"}],"replies":[{"embeddable":true,"href":"https:\/\/mail.v-dala.se\/en\/wp-json\/wp\/v2\/comments?post=1285"}],"version-history":[{"count":23,"href":"https:\/\/mail.v-dala.se\/en\/wp-json\/wp\/v2\/pages\/1285\/revisions"}],"predecessor-version":[{"id":36405,"href":"https:\/\/mail.v-dala.se\/en\/wp-json\/wp\/v2\/pages\/1285\/revisions\/36405"}],"up":[{"embeddable":true,"href":"https:\/\/mail.v-dala.se\/en\/wp-json\/wp\/v2\/pages\/55"}],"wp:attachment":[{"href":"https:\/\/mail.v-dala.se\/en\/wp-json\/wp\/v2\/media?parent=1285"}],"curies":[{"name":"wp","href":"https:\/\/api.w.org\/{rel}","templated":true}]}}